{"id":380,"date":"2021-05-07T15:36:39","date_gmt":"2021-05-07T13:36:39","guid":{"rendered":"https:\/\/gorzow.news\/?page_id=380"},"modified":"2021-05-07T21:52:57","modified_gmt":"2021-05-07T19:52:57","slug":"zglos-temat-wyslij-zdjecia","status":"publish","type":"page","link":"https:\/\/gorzow.news\/index.php\/zglos-temat-wyslij-zdjecia\/","title":{"rendered":"Zg\u0142o\u015b temat, wy\u015blij zdj\u0119cia"},"content":{"rendered":"\n<p>Budujesz? Remontujesz? Mo\u017ce otwierasz nowy biznes? A mo\u017ce wiesz co\u015b o nowej inwestycji? Podziel si\u0119 z nami informacj\u0105. Prze\u015blij kilka zda\u0144. Odezwiemy si\u0119 do Ciebie! Gorz\u00f3w rozwija si\u0119 na naszych oczach i razem z nami!<\/p>\n\n\n\n<div class=\"wp-block-contact-form-7-contact-form-selector\">\n<div class=\"wpcf7 no-js\" id=\"wpcf7-f379-o1\" lang=\"pl-PL\" dir=\"ltr\" data-wpcf7-id=\"379\">\n<div class=\"screen-reader-response\"><p role=\"status\" aria-live=\"polite\" aria-atomic=\"true\"><\/p> <ul><\/ul><\/div>\n<form action=\"\/index.php\/wp-json\/wp\/v2\/pages\/380#wpcf7-f379-o1\" method=\"post\" class=\"wpcf7-form init\" aria-label=\"Formularz kontaktowy\" enctype=\"multipart\/form-data\" novalidate=\"novalidate\" data-status=\"init\">\n<fieldset class=\"hidden-fields-container\"><input type=\"hidden\" name=\"_wpcf7\" value=\"379\" \/><input type=\"hidden\" name=\"_wpcf7_version\" value=\"6.1.5\" \/><input type=\"hidden\" name=\"_wpcf7_locale\" value=\"pl_PL\" \/><input type=\"hidden\" name=\"_wpcf7_unit_tag\" value=\"wpcf7-f379-o1\" \/><input type=\"hidden\" name=\"_wpcf7_container_post\" value=\"0\" \/><input type=\"hidden\" name=\"_wpcf7_posted_data_hash\" value=\"\" \/><input type=\"hidden\" name=\"_wpcf7_recaptcha_response\" value=\"\" \/>\n<\/fieldset>\n<p><label> Imi\u0119 (wymagane)<br \/>\n<span class=\"wpcf7-form-control-wrap\" data-name=\"your-name\"><input size=\"40\" maxlength=\"400\" class=\"wpcf7-form-control wpcf7-text wpcf7-validates-as-required\" aria-required=\"true\" aria-invalid=\"false\" value=\"\" type=\"text\" name=\"your-name\" \/><\/span> <\/label>\n<\/p>\n<p><label> Tw\u00f3j email (wymagane)<br \/>\n<span class=\"wpcf7-form-control-wrap\" data-name=\"your-email\"><input size=\"40\" maxlength=\"400\" class=\"wpcf7-form-control wpcf7-email wpcf7-validates-as-required wpcf7-text wpcf7-validates-as-email\" aria-required=\"true\" aria-invalid=\"false\" value=\"\" type=\"email\" name=\"your-email\" \/><\/span> <\/label>\n<\/p>\n<p><label> Temat:<br \/>\n<span class=\"wpcf7-form-control-wrap\" data-name=\"your-subject\"><input size=\"40\" maxlength=\"400\" class=\"wpcf7-form-control wpcf7-text\" aria-invalid=\"false\" value=\"\" type=\"text\" name=\"your-subject\" \/><\/span> <\/label>\n<\/p>\n<p><label> Opisz w kilku zdaniach wysy\u0142ane zg\u0142oszenie:<br \/>\n<span class=\"wpcf7-form-control-wrap\" data-name=\"your-message\"><textarea cols=\"40\" rows=\"10\" maxlength=\"2000\" class=\"wpcf7-form-control wpcf7-textarea\" aria-invalid=\"false\" name=\"your-message\"><\/textarea><\/span> <\/label>\n<\/p>\n<p><label> Dodaj zdj\u0119cie (max 5MB):<br \/>\n<span class=\"wpcf7-form-control-wrap\" data-name=\"twoj-plik1\"><input size=\"40\" class=\"wpcf7-form-control wpcf7-file\" accept=\".jpg,.jpeg,.png,.gif\" aria-invalid=\"false\" type=\"file\" name=\"twoj-plik1\" \/><\/span> <\/label>\n<\/p>\n<p><label> Dodaj zdj\u0119cie (max 5MB):<br \/>\n<span class=\"wpcf7-form-control-wrap\" data-name=\"twoj-plik2\"><input size=\"40\" class=\"wpcf7-form-control wpcf7-file\" accept=\".jpg,.jpeg,.png,.gif\" aria-invalid=\"false\" type=\"file\" name=\"twoj-plik2\" \/><\/span> <\/label>\n<\/p>\n<p><label> Dodaj zdj\u0119cie (max 5MB):<br \/>\n<span class=\"wpcf7-form-control-wrap\" data-name=\"twoj-plik3\"><input size=\"40\" class=\"wpcf7-form-control wpcf7-file\" accept=\".jpg,.jpeg,.png,.gif\" aria-invalid=\"false\" type=\"file\" name=\"twoj-plik3\" \/><\/span> <\/label>\n<\/p>\n<p><label> Dodaj zdj\u0119cie (max 5MB):<br \/>\n<span class=\"wpcf7-form-control-wrap\" data-name=\"twoj-plik4\"><input size=\"40\" class=\"wpcf7-form-control wpcf7-file\" accept=\".jpg,.jpeg,.png,.gif\" aria-invalid=\"false\" type=\"file\" name=\"twoj-plik4\" \/><\/span> <\/label>\n<\/p>\n<p><label> Dodaj zdj\u0119cie (max 5MB):<br \/>\n<span class=\"wpcf7-form-control-wrap\" data-name=\"twoj-plik5\"><input size=\"40\" class=\"wpcf7-form-control wpcf7-file\" accept=\".jpg,.jpeg,.png,.gif\" aria-invalid=\"false\" type=\"file\" name=\"twoj-plik5\" \/><\/span> <\/label>\n<\/p>\n<p><label> Podaj autora lub \u017ar\u00f3d\u0142o przesy\u0142anych zdj\u0119\u0107:<br \/>\n<span class=\"wpcf7-form-control-wrap\" data-name=\"text-148\"><input size=\"40\" maxlength=\"400\" class=\"wpcf7-form-control wpcf7-text\" aria-invalid=\"false\" value=\"\" type=\"text\" name=\"text-148\" \/><\/span> <\/label>\n<\/p>\n\n<p><input class=\"wpcf7-form-control wpcf7-submit has-spinner\" type=\"submit\" value=\"Wy\u015blij\" \/>\n<\/p><div class=\"wpcf7-response-output\" aria-hidden=\"true\"><\/div>\n<\/form>\n<\/div>\n<\/div>\n","protected":false},"excerpt":{"rendered":"<p>Budujesz? Remontujesz? Mo\u017ce otwierasz nowy biznes? A mo\u017ce wiesz co\u015b o nowej inwestycji? Podziel si\u0119 z nami informacj\u0105. Prze\u015blij kilka zda\u0144. Odezwiemy si\u0119 do Ciebie! Gorz\u00f3w rozwija si\u0119 na naszych oczach i razem z nami!<\/p>\n","protected":false},"author":1,"featured_media":0,"parent":0,"menu_order":0,"comment_status":"closed","ping_status":"closed","template":"","meta":{"footnotes":"","_links_to":"","_links_to_target":""},"class_list":["post-380","page","type-page","status-publish"],"yoast_head":"<!-- This site is optimized with the Yoast SEO plugin v27.3 - https:\/\/yoast.com\/product\/yoast-seo-wordpress\/ -->\n<title>Zg\u0142o\u015b temat, wy\u015blij zdj\u0119cia - Gorz\u00f3w News<\/title>\n<meta name=\"robots\" content=\"index, follow, max-snippet:-1, max-image-preview:large, max-video-preview:-1\" \/>\n<link rel=\"canonical\" href=\"https:\/\/gorzow.news\/index.php\/zglos-temat-wyslij-zdjecia\/\" \/>\n<meta property=\"og:locale\" content=\"pl_PL\" \/>\n<meta property=\"og:type\" content=\"article\" \/>\n<meta property=\"og:title\" content=\"Zg\u0142o\u015b temat, wy\u015blij zdj\u0119cia - Gorz\u00f3w News\" \/>\n<meta property=\"og:description\" content=\"Budujesz? Remontujesz? Mo\u017ce otwierasz nowy biznes? A mo\u017ce wiesz co\u015b o nowej inwestycji? Podziel si\u0119 z nami informacj\u0105. Prze\u015blij kilka zda\u0144. Ode\" \/>\n<meta property=\"og:url\" content=\"https:\/\/gorzow.news\/index.php\/zglos-temat-wyslij-zdjecia\/\" \/>\n<meta property=\"og:site_name\" content=\"Gorz\u00f3w News\" \/>\n<meta property=\"article:publisher\" content=\"https:\/\/www.facebook.com\/gorzowskinews\" \/>\n<meta property=\"article:modified_time\" content=\"2021-05-07T19:52:57+00:00\" \/>\n<meta name=\"twitter:card\" content=\"summary_large_image\" \/>\n<script type=\"application\/ld+json\" class=\"yoast-schema-graph\">{\"@context\":\"https:\\\/\\\/schema.org\",\"@graph\":[{\"@type\":\"WebPage\",\"@id\":\"https:\\\/\\\/gorzow.news\\\/index.php\\\/zglos-temat-wyslij-zdjecia\\\/\",\"url\":\"https:\\\/\\\/gorzow.news\\\/index.php\\\/zglos-temat-wyslij-zdjecia\\\/\",\"name\":\"Zg\u0142o\u015b temat, wy\u015blij zdj\u0119cia - Gorz\u00f3w News\",\"isPartOf\":{\"@id\":\"https:\\\/\\\/gorzow.news\\\/#website\"},\"datePublished\":\"2021-05-07T13:36:39+00:00\",\"dateModified\":\"2021-05-07T19:52:57+00:00\",\"breadcrumb\":{\"@id\":\"https:\\\/\\\/gorzow.news\\\/index.php\\\/zglos-temat-wyslij-zdjecia\\\/#breadcrumb\"},\"inLanguage\":\"pl-PL\",\"potentialAction\":[{\"@type\":\"ReadAction\",\"target\":[\"https:\\\/\\\/gorzow.news\\\/index.php\\\/zglos-temat-wyslij-zdjecia\\\/\"]}]},{\"@type\":\"BreadcrumbList\",\"@id\":\"https:\\\/\\\/gorzow.news\\\/index.php\\\/zglos-temat-wyslij-zdjecia\\\/#breadcrumb\",\"itemListElement\":[{\"@type\":\"ListItem\",\"position\":1,\"name\":\"Home\",\"item\":\"https:\\\/\\\/gorzow.news\\\/\"},{\"@type\":\"ListItem\",\"position\":2,\"name\":\"Zg\u0142o\u015b temat, wy\u015blij zdj\u0119cia\"}]},{\"@type\":\"WebSite\",\"@id\":\"https:\\\/\\\/gorzow.news\\\/#website\",\"url\":\"https:\\\/\\\/gorzow.news\\\/\",\"name\":\"Gorz\u00f3w News\",\"description\":\"Sp\u00f3jrz inaczej na miato i region...\",\"potentialAction\":[{\"@type\":\"SearchAction\",\"target\":{\"@type\":\"EntryPoint\",\"urlTemplate\":\"https:\\\/\\\/gorzow.news\\\/?s={search_term_string}\"},\"query-input\":{\"@type\":\"PropertyValueSpecification\",\"valueRequired\":true,\"valueName\":\"search_term_string\"}}],\"inLanguage\":\"pl-PL\"}]}<\/script>\n<!-- \/ Yoast SEO plugin. -->","yoast_head_json":{"title":"Zg\u0142o\u015b temat, wy\u015blij zdj\u0119cia - Gorz\u00f3w News","robots":{"index":"index","follow":"follow","max-snippet":"max-snippet:-1","max-image-preview":"max-image-preview:large","max-video-preview":"max-video-preview:-1"},"canonical":"https:\/\/gorzow.news\/index.php\/zglos-temat-wyslij-zdjecia\/","og_locale":"pl_PL","og_type":"article","og_title":"Zg\u0142o\u015b temat, wy\u015blij zdj\u0119cia - Gorz\u00f3w News","og_description":"Budujesz? Remontujesz? Mo\u017ce otwierasz nowy biznes? A mo\u017ce wiesz co\u015b o nowej inwestycji? Podziel si\u0119 z nami informacj\u0105. Prze\u015blij kilka zda\u0144. Ode","og_url":"https:\/\/gorzow.news\/index.php\/zglos-temat-wyslij-zdjecia\/","og_site_name":"Gorz\u00f3w News","article_publisher":"https:\/\/www.facebook.com\/gorzowskinews","article_modified_time":"2021-05-07T19:52:57+00:00","twitter_card":"summary_large_image","schema":{"@context":"https:\/\/schema.org","@graph":[{"@type":"WebPage","@id":"https:\/\/gorzow.news\/index.php\/zglos-temat-wyslij-zdjecia\/","url":"https:\/\/gorzow.news\/index.php\/zglos-temat-wyslij-zdjecia\/","name":"Zg\u0142o\u015b temat, wy\u015blij zdj\u0119cia - Gorz\u00f3w News","isPartOf":{"@id":"https:\/\/gorzow.news\/#website"},"datePublished":"2021-05-07T13:36:39+00:00","dateModified":"2021-05-07T19:52:57+00:00","breadcrumb":{"@id":"https:\/\/gorzow.news\/index.php\/zglos-temat-wyslij-zdjecia\/#breadcrumb"},"inLanguage":"pl-PL","potentialAction":[{"@type":"ReadAction","target":["https:\/\/gorzow.news\/index.php\/zglos-temat-wyslij-zdjecia\/"]}]},{"@type":"BreadcrumbList","@id":"https:\/\/gorzow.news\/index.php\/zglos-temat-wyslij-zdjecia\/#breadcrumb","itemListElement":[{"@type":"ListItem","position":1,"name":"Home","item":"https:\/\/gorzow.news\/"},{"@type":"ListItem","position":2,"name":"Zg\u0142o\u015b temat, wy\u015blij zdj\u0119cia"}]},{"@type":"WebSite","@id":"https:\/\/gorzow.news\/#website","url":"https:\/\/gorzow.news\/","name":"Gorz\u00f3w News","description":"Sp\u00f3jrz inaczej na miato i region...","potentialAction":[{"@type":"SearchAction","target":{"@type":"EntryPoint","urlTemplate":"https:\/\/gorzow.news\/?s={search_term_string}"},"query-input":{"@type":"PropertyValueSpecification","valueRequired":true,"valueName":"search_term_string"}}],"inLanguage":"pl-PL"}]}},"_links":{"self":[{"href":"https:\/\/gorzow.news\/index.php\/wp-json\/wp\/v2\/pages\/380","targetHints":{"allow":["GET"]}}],"collection":[{"href":"https:\/\/gorzow.news\/index.php\/wp-json\/wp\/v2\/pages"}],"about":[{"href":"https:\/\/gorzow.news\/index.php\/wp-json\/wp\/v2\/types\/page"}],"author":[{"embeddable":true,"href":"https:\/\/gorzow.news\/index.php\/wp-json\/wp\/v2\/users\/1"}],"replies":[{"embeddable":true,"href":"https:\/\/gorzow.news\/index.php\/wp-json\/wp\/v2\/comments?post=380"}],"version-history":[{"count":0,"href":"https:\/\/gorzow.news\/index.php\/wp-json\/wp\/v2\/pages\/380\/revisions"}],"wp:attachment":[{"href":"https:\/\/gorzow.news\/index.php\/wp-json\/wp\/v2\/media?parent=380"}],"curies":[{"name":"wp","href":"https:\/\/api.w.org\/{rel}","templated":true}]}}